{"id":103,"date":"2016-10-10T11:51:44","date_gmt":"2016-10-10T11:51:44","guid":{"rendered":"http:\/\/joerg-dumkow.de\/?page_id=103"},"modified":"2025-09-04T13:24:03","modified_gmt":"2025-09-04T13:24:03","slug":"kosten","status":"publish","type":"page","link":"https:\/\/joerg-dumkow.de\/?page_id=103","title":{"rendered":"kosten"},"content":{"rendered":"<p><strong>Portrait bis Akt<\/strong><\/p>\n<p>Ein shooting bei mir dauert ca. 3 Stunden im Home-Studio (Berlin), mit 3 verschieden Sets\/Outfits nach Absprache<br \/>\nalle Bilder auf Dropbox o. \u00e4 und 8 bearbeitete Bilder nach eigener Auswahl.<\/p>\n<p><strong>Das shooting kostet \u20ac 450,00 | mit Visagistin plus \u20ac 100,00<\/strong><\/p>\n<p><strong>Jedes weitere bearbeitete Bild plus \u20ac 15,00<\/strong><\/p>\n<p>Die Bilder tragen meine Handschrift, das bedeutet nicht mehr Bildbearbeitung als unbedingt n\u00f6tig. Ich mag eher einen nat\u00fcrlichen, sinnlichen Look. Outdoor &#8211; Preise je nach zeitl. Aufwand<\/p>\n<p>Alle Bilder digital, bestm\u00f6gliche Aufl\u00f6sung, zum Druck geeignet<\/p>\n","protected":false},"excerpt":{"rendered":"<p>Portrait bis Akt Ein shooting bei mir dauert ca. 3 Stunden im Home-Studio (Berlin), mit 3 verschieden Sets\/Outfits nach Absprache alle Bilder auf Dropbox o. \u00e4 und 8 bearbeitete Bilder nach eigener Auswahl. Das shooting kostet \u20ac 450,00 | mit Visagistin plus \u20ac 100,00 Jedes weitere bearbeitete Bild plus \u20ac 15,00 Die Bilder tragen meine Handschrift, das bedeutet nicht mehr Bildbearbeitung als unbedingt n\u00f6tig. Ich mag eher einen nat\u00fcrlichen, sinnlichen Look. Outdoor &#8211; Preise je nach zeitl. Aufwand Alle Bilder digital, bestm\u00f6gliche Aufl\u00f6sung, zum Druck geeignet<\/p>\n","protected":false},"author":1,"featured_media":0,"parent":0,"menu_order":0,"comment_status":"closed","ping_status":"closed","template":"","meta":{"footnotes":""},"class_list":["post-103","page","type-page","status-publish","hentry","odd"],"_links":{"self":[{"href":"https:\/\/joerg-dumkow.de\/index.php?rest_route=\/wp\/v2\/pages\/103","targetHints":{"allow":["GET"]}}],"collection":[{"href":"https:\/\/joerg-dumkow.de\/index.php?rest_route=\/wp\/v2\/pages"}],"about":[{"href":"https:\/\/joerg-dumkow.de\/index.php?rest_route=\/wp\/v2\/types\/page"}],"author":[{"embeddable":true,"href":"https:\/\/joerg-dumkow.de\/index.php?rest_route=\/wp\/v2\/users\/1"}],"replies":[{"embeddable":true,"href":"https:\/\/joerg-dumkow.de\/index.php?rest_route=%2Fwp%2Fv2%2Fcomments&post=103"}],"version-history":[{"count":17,"href":"https:\/\/joerg-dumkow.de\/index.php?rest_route=\/wp\/v2\/pages\/103\/revisions"}],"predecessor-version":[{"id":2157,"href":"https:\/\/joerg-dumkow.de\/index.php?rest_route=\/wp\/v2\/pages\/103\/revisions\/2157"}],"wp:attachment":[{"href":"https:\/\/joerg-dumkow.de\/index.php?rest_route=%2Fwp%2Fv2%2Fmedia&parent=103"}],"curies":[{"name":"wp","href":"https:\/\/api.w.org\/{rel}","templated":true}]}}